{"id":908,"date":"2025-10-07T19:10:44","date_gmt":"2025-10-07T16:10:44","guid":{"rendered":""},"modified":"2025-11-05T20:43:05","modified_gmt":"2025-11-05T17:43:05","slug":"about","status":"publish","type":"page","link":"https:\/\/lentopro.com\/en\/about\/","title":{"rendered":"ABOUT US"},"content":{"rendered":"<div class=\"wp-block-uagb-container uagb-block-93bb43df alignfull uagb-is-root-container\"><div class=\"uagb-container-inner-blocks-wrap\">\n<div class=\"wp-block-uagb-advanced-heading uagb-block-60b4616a\"><h1 class=\"uagb-heading-text\">ABOUT US<\/h1><\/div>\n<\/div><\/div>\n\n\n\n<div class=\"wp-block-uagb-container uagb-block-0ed09c6d alignfull uagb-is-root-container\">\n<figure class=\"wp-block-pullquote has-white-color has-text-color has-link-color has-medium-font-size wp-elements-666eb624c832685d3ae8bd71615c259e\" style=\"margin-top:0;margin-bottom:0\"><blockquote><p><br>Lento \u00fcretim alan\u0131nda, sekt\u00f6re yeni bir y\u00f6n veren hizmet kalitemiz ile kar\u015f\u0131n\u0131zda olup \u00fcretti\u011fimiz<br>\u00fcr\u00fcnler ile kararl\u0131l\u0131\u011f\u0131m\u0131z\u0131 ortaya koymaktay\u0131z. M\u00fc\u015fteri memnuniyeti odakl\u0131, profesyonel kadromuz ile<br>sizlere hizmet vermekten mutluluk duymaktay\u0131z. \u00dcretimini sa\u011flad\u0131\u011f\u0131m\u0131z \u00e7imento bazl\u0131 Lentolar\u0131m\u0131z ile<br>muadil di\u011fer \u00fcr\u00fcnlerin yan\u0131 s\u0131ra kaliteli, ekonomik, hafif ve dayan\u0131kl\u0131 Lentolar\u0131m\u0131z ile mevcut sekt\u00f6r<br>i\u00e7erisinde profesyonel ad\u0131mlar atarak lider olma ve siz de\u011ferli i\u015f ortaklar\u0131m\u0131za \u00e7\u00f6z\u00fcm odakl\u0131 kaliteli<br>hizmet sunmak i\u00e7in buraday\u0131z.<\/p><\/blockquote><\/figure>\n<\/div>\n\n\n\n<div class=\"wp-block-uagb-container uagb-block-7c43b67b alignfull uagb-is-root-container\"><div class=\"uagb-container-inner-blocks-wrap\">\n<div class=\"wp-block-uagb-info-box uagb-block-8dc279bb uagb-infobox__content-wrap  uagb-infobox-icon-above-title uagb-infobox-image-valign-top wp-block-uagb-info-box--has-margin\"><div class=\"uagb-infobox-margin-wrapper\"><div class=\"uagb-ifb-content\"><div class=\"uagb-ifb-title-wrap\"><h6 class=\"uagb-ifb-title-prefix\">En \u0130yisi ile \u00c7al\u0131\u015fan<\/h6><h2 class=\"uagb-ifb-title\">OUR REFERENCES<\/h2><\/div><\/div><\/div><\/div>\n\n\n<style id=\"wp_carousel_dynamic_css3158\">.sp-wp-carousel-free-id-3158.wpcf-fancybox-wrapper .fancybox-bg{background: #0b0b0b;opacity: 0.8;}.sp-wp-carousel-free-id-3158.wpcf-fancybox-wrapper .fancybox-navigation .fancybox-button .wpcp-fancybox-nav-arrow i {color: #ccc;}.sp-wp-carousel-free-id-3158.wpcf-fancybox-wrapper .fancybox-navigation .fancybox-button .wpcp-fancybox-nav-arrow i:hover {color: #fff;}.sp-wp-carousel-free-id-3158.wpcf-fancybox-wrapper .fancybox-navigation .fancybox-button {background: #1e1e1e;}.sp-wp-carousel-free-id-3158.wpcf-fancybox-wrapper .fancybox-navigation .fancybox-button:hover {background: #1e1e1e;}#sp-wp-carousel-free-id-3158 .wpcp-swiper-dots {margin: 40px 0px 0px 0px;}.wpcp-wrapper-3158 .swiper-wrapper .swiper-slide-kenburn, .wpcp-wrapper-3158 .swiper-wrapper, .wpcp-wrapper-3158 .wpcpro-row{align-items: center;}#sp-wp-carousel-free-id-3158 .wpcp-single-item {box-shadow: 0px 0px 0px 0px #dddddd;transition: all .3s;margin: 0px;}#sp-wp-carousel-free-id-3158.swiper-flip .wpcp-single-item{margin: 0!important;}#sp-wp-carousel-free-id-3158 .wpcp-single-item:hover {box-shadow: 0px 0px 0px 0px #dddddd;}#sp-wp-carousel-free-id-3158.sp-wpcp-3158 .wpcp-single-item {border: 1px none #dddddd;} #sp-wp-carousel-free-id-3158.sp-wpcp-3158.wpcp-image-carousel .wpcp-single-item:hover img, #sp-wp-carousel-free-id-3158.sp-wpcp-3158.wpcp-post-carousel .wpcp-single-item:hover img, #sp-wp-carousel-free-id-3158.sp-wpcp-3158.wpcp-product-carousel .wpcp-single-item:hover img{-webkit-transform: scale(1.2);-moz-transform: scale(1.2);transform: scale(1.2);}#sp-wp-carousel-free-id-3158.nav-vertical-center {padding: 0;margin:0;}#sp-wp-carousel-free-id-3158 .wpcpro-row>[class*=\"wpcpro-col-\"] { padding: 0 10px; padding-bottom: 20px;} #sp-wp-carousel-free-id-3158 .swiper-slide .single-item-fade:not(:last-child) { margin-right: 20px;}@media (min-width: 480px) { .wpcpro-row .wpcpro-col-sm-1 { flex: 0 0 100%; max-width: 100%; } .wpcpro-row .wpcpro-col-sm-2 { flex: 0 0 50%; max-width: 50%; } .wpcpro-row .wpcpro-col-sm-2-5 { flex: 0 0 75%; max-width: 75%; } .wpcpro-row .wpcpro-col-sm-3 { flex: 0 0 33.333%; max-width: 33.333%; } .wpcpro-row .wpcpro-col-sm-4 { flex: 0 0 25%; max-width: 25%; } .wpcpro-row .wpcpro-col-sm-5 { flex: 0 0 20%; max-width: 20%; } .wpcpro-row .wpcpro-col-sm-6 { flex: 0 0 16.66666666666667%; max-width: 16.66666666666667%; } .wpcpro-row .wpcpro-col-sm-7 { flex: 0 0 14.28571428%; max-width: 14.28571428%; } .wpcpro-row .wpcpro-col-sm-8 { flex: 0 0 12.5%; max-width: 12.5%; } } @media (max-width: 480px) { .wpcpro-row .wpcpro-col-xs-1 { flex: 0 0 100%; max-width: 100%; } .wpcpro-row .wpcpro-col-xs-2 { flex: 0 0 50%; max-width: 50%; } .wpcpro-row .wpcpro-col-xs-3 { flex: 0 0 33.222%; max-width: 33.222%; } .wpcpro-row .wpcpro-col-xs-4 { flex: 0 0 25%; max-width: 25%; } .wpcpro-row .wpcpro-col-xs-5 { flex: 0 0 20%; max-width: 20%; } .wpcpro-row .wpcpro-col-xs-6 { flex: 0 0 16.6667%; max-width: 16.6667%; } .wpcpro-row .wpcpro-col-xs-7 { flex: 0 0 14.28571428%; max-width: 14.28571428%; } .wpcpro-row .wpcpro-col-xs-8 { flex: 0 0 12.5%; max-width: 12.5%; } } @media (min-width: 736px) { .wpcpro-row .wpcpro-col-md-1 { flex: 0 0 100%; max-width: 100%; } .wpcpro-row .wpcpro-col-md-2 { flex: 0 0 50%; max-width: 50%; } .wpcpro-row .wpcpro-col-md-2-5 { flex: 0 0 75%; max-width: 75%; } .wpcpro-row .wpcpro-col-md-3 { flex: 0 0 33.333%; max-width: 33.333%; } .wpcpro-row .wpcpro-col-md-4 { flex: 0 0 25%; max-width: 25%; } .wpcpro-row .wpcpro-col-md-5 { flex: 0 0 20%; max-width: 20%; } .wpcpro-row .wpcpro-col-md-6 { flex: 0 0 16.66666666666667%; max-width: 16.66666666666667%; } .wpcpro-row .wpcpro-col-md-7 { flex: 0 0 14.28571428%; max-width: 14.28571428%; } .wpcpro-row .wpcpro-col-md-8 { flex: 0 0 12.5%; max-width: 12.5%; } } @media (min-width: 980px) { .wpcpro-row .wpcpro-col-lg-1 { flex: 0 0 100%; max-width: 100%; } .wpcpro-row .wpcpro-col-lg-2 { flex: 0 0 50%; max-width: 50%; } .wpcpro-row .wpcpro-col-lg-3 { flex: 0 0 33.222%; max-width: 33.222%; } .wpcpro-row .wpcpro-col-lg-4 { flex: 0 0 25%; max-width: 25%; } .wpcpro-row .wpcpro-col-lg-5 { flex: 0 0 20%; max-width: 20%; } .wpcpro-row .wpcpro-col-lg-6 { flex: 0 0 16.6667%; max-width: 16.6667%; } .wpcpro-row .wpcpro-col-lg-7 { flex: 0 0 14.28571428%; max-width: 14.28571428%; } .wpcpro-row .wpcpro-col-lg-8 { flex: 0 0 12.5%; max-width: 12.5%; } } @media (min-width: 1200px) { .wpcpro-row .wpcpro-col-xl-1 { flex: 0 0 100%; max-width: 100%; } .wpcpro-row .wpcpro-col-xl-2 { flex: 0 0 50%; max-width: 50%; } .wpcpro-row .wpcpro-col-xl-3 { flex: 0 0 33.22222222%; max-width: 33.22222222%; } .wpcpro-row .wpcpro-col-xl-4 { flex: 0 0 25%; max-width: 25%; } .wpcpro-row .wpcpro-col-xl-5 { flex: 0 0 20%; max-width: 20%; } .wpcpro-row .wpcpro-col-xl-6 { flex: 0 0 16.66667%; max-width: 16.66667%; } .wpcpro-row .wpcpro-col-xl-7 { flex: 0 0 14.28571428%; max-width: 14.28571428%; } .wpcpro-row .wpcpro-col-xl-8 { flex: 0 0 12.5%; max-width: 12.5%; } }<\/style><div class=\"wpcp-carousel-wrapper wpcp-wrapper-3158\">\n\t<div id=\"wpcp-preloader-3158\" class=\"wpcp-carousel-preloader\"><img decoding=\"async\" src=\"https:\/\/lentopro.com\/wp-content\/plugins\/wp-carousel-free\/public\/css\/spinner.svg\" alt=\"Preloader Image\" title=\"ABOUT US\"><\/div>\t<div class=\"wpcp-carousel-content-wrapper\">\n\t<div id=\"sp-wp-carousel-free-id-3158\" class=\"wpcp-carousel-section sp-wpcp-3158  nav-vertical-center wpcp-image-carousel wpcp-preloader wpcp-standard\" data-swiper='{ &quot;pagination_type&quot;: &quot;dots&quot;,&quot;accessibility&quot;:true, &quot;spaceBetween&quot;:20, &quot;arrows&quot;:false, &quot;freeMode&quot;: false, &quot;autoplay&quot;:true, &quot;effect&quot;: &quot;&quot;, &quot;centerMode&quot;: false, &quot;autoplaySpeed&quot;:2500, &quot;dots&quot;:false, &quot;infinite&quot;:true, &quot;speed&quot;:1150, &quot;pauseOnHover&quot;:true,\t\t\t&quot;slidesToShow&quot;:{&quot;lg_desktop&quot;:5, &quot;desktop&quot;: 4, &quot;laptop&quot;: 3, &quot;tablet&quot;: 3, &quot;mobile&quot;: 3}, &quot;responsive&quot;:{&quot;desktop&quot;:1200, &quot;laptop&quot;: 980, &quot;tablet&quot;: 736, &quot;mobile&quot;: 480}, &quot;rtl&quot;:true, &quot;lazyLoad&quot;: &quot;false&quot;, &quot;swipe&quot;: true, &quot;draggable&quot;: true, &quot;swipeToSlide&quot;:false }' dir=\"rtl\">\n\t\t<div class=\"swiper-wrapper\">\n\t\t<div class=\"swiper-slide\">\n\t<div class=\"wpcp-single-item\">\n\t\t\t<div class=\"wpcp-slide-image\">\n\t\t<img loading=\"lazy\" decoding=\"async\" class=\"skip-lazy\" src=\"https:\/\/lentopro.com\/wp-content\/uploads\/2025\/08\/asan-muhendislik-logo-150x150.png\" alt=\"as\u0327an muhendislik logo\" width=\"150\" height=\"150\" title=\"ABOUT US\">\t<\/div>\n\t\t<\/div>\n<\/div>\n\t<div class=\"swiper-slide\">\n\t<div class=\"wpcp-single-item\">\n\t\t\t<div class=\"wpcp-slide-image\">\n\t\t<img loading=\"lazy\" decoding=\"async\" class=\"skip-lazy\" src=\"https:\/\/lentopro.com\/wp-content\/uploads\/2025\/08\/unsal-group-logo-150x150.png\" alt=\"unsal group logo\" width=\"150\" height=\"150\" title=\"ABOUT US\">\t<\/div>\n\t\t<\/div>\n<\/div>\n\t<div class=\"swiper-slide\">\n\t<div class=\"wpcp-single-item\">\n\t\t\t<div class=\"wpcp-slide-image\">\n\t\t<img loading=\"lazy\" decoding=\"async\" class=\"skip-lazy\" src=\"https:\/\/lentopro.com\/wp-content\/uploads\/2025\/08\/yildizpark-log-150x150.png\" alt=\"y\u0131ld\u0131zpark log\" width=\"150\" height=\"150\" title=\"ABOUT US\">\t<\/div>\n\t\t<\/div>\n<\/div>\n\t<div class=\"swiper-slide\">\n\t<div class=\"wpcp-single-item\">\n\t\t\t<div class=\"wpcp-slide-image\">\n\t\t<img loading=\"lazy\" decoding=\"async\" class=\"skip-lazy\" src=\"https:\/\/lentopro.com\/wp-content\/uploads\/2025\/08\/kahraman-insaat-logo-150x150.png\" alt=\"kahraman ins\u0327aat logo\" width=\"150\" height=\"150\" title=\"ABOUT US\">\t<\/div>\n\t\t<\/div>\n<\/div>\n\t<div class=\"swiper-slide\">\n\t<div class=\"wpcp-single-item\">\n\t\t\t<div class=\"wpcp-slide-image\">\n\t\t<img loading=\"lazy\" decoding=\"async\" class=\"skip-lazy\" src=\"https:\/\/lentopro.com\/wp-content\/uploads\/2025\/08\/wox-yapi-logo-150x150.png\" alt=\"wox yap\u0131 logo\" width=\"150\" height=\"150\" title=\"ABOUT US\">\t<\/div>\n\t\t<\/div>\n<\/div>\n\t\t\t<\/div>\n\t\t\t\t<!-- If we need navigation buttons -->\n\t\t\t<\/div>\n\t<\/div>\n<\/div>\n\n<\/div><\/div>","protected":false},"excerpt":{"rendered":"<p>HAKKIMIZDA Lento \u00fcretim alan\u0131nda, sekt\u00f6re yeni bir y\u00f6n veren hizmet kalitemiz ile kar\u015f\u0131n\u0131zda olup \u00fcretti\u011fimiz\u00fcr\u00fcnler ile kararl\u0131l\u0131\u011f\u0131m\u0131z\u0131 ortaya koymaktay\u0131z. M\u00fc\u015fteri memnuniyeti odakl\u0131, profesyonel kadromuz ilesizlere hizmet vermekten mutluluk duymaktay\u0131z. \u00dcretimini sa\u011flad\u0131\u011f\u0131m\u0131z \u00e7imento bazl\u0131 Lentolar\u0131m\u0131z ilemuadil di\u011fer \u00fcr\u00fcnlerin yan\u0131 s\u0131ra kaliteli, ekonomik, hafif ve dayan\u0131kl\u0131 Lentolar\u0131m\u0131z ile mevcut sekt\u00f6ri\u00e7erisinde profesyonel ad\u0131mlar atarak lider olma ve siz [&hellip;]<\/p>","protected":false},"author":1,"featured_media":0,"parent":0,"menu_order":0,"comment_status":"closed","ping_status":"closed","template":"","meta":{"_uag_custom_page_level_css":"","site-sidebar-layout":"no-sidebar","site-content-layout":"plain-container","ast-site-content-layout":"normal-width-container","site-content-style":"unboxed","site-sidebar-style":"unboxed","ast-global-header-display":"","ast-banner-title-visibility":"","ast-main-header-display":"","ast-hfb-above-header-display":"","ast-hfb-below-header-display":"","ast-hfb-mobile-header-display":"","site-post-title":"disabled","ast-breadcrumbs-content":"","ast-featured-img":"disabled","footer-sml-layout":"","theme-transparent-header-meta":"enabled","adv-header-id-meta":"","stick-header-meta":"","header-above-stick-meta":"","header-main-stick-meta":"","header-below-stick-meta":"","astra-migrate-meta-layouts":"set","ast-page-background-enabled":"default","ast-page-background-meta":{"desktop":{"background-color":"","background-image":"","background-repeat":"repeat","background-position":"center center","background-size":"auto","background-attachment":"scroll","background-type":"","background-media":"","overlay-type":"","overlay-color":"","overlay-opacity":"","overlay-gradient":""},"tablet":{"background-color":"","background-image":"","background-repeat":"repeat","background-position":"center center","background-size":"auto","background-attachment":"scroll","background-type":"","background-media":"","overlay-type":"","overlay-color":"","overlay-opacity":"","overlay-gradient":""},"mobile":{"background-color":"","background-image":"","background-repeat":"repeat","background-position":"center center","background-size":"auto","background-attachment":"scroll","background-type":"","background-media":"","overlay-type":"","overlay-color":"","overlay-opacity":"","overlay-gradient":""}},"ast-content-background-meta":{"desktop":{"background-color":"var(--ast-global-color-5)","background-image":"","background-repeat":"repeat","background-position":"center center","background-size":"auto","background-attachment":"scroll","background-type":"","background-media":"","overlay-type":"","overlay-color":"","overlay-opacity":"","overlay-gradient":""},"tablet":{"background-color":"var(--ast-global-color-5)","background-image":"","background-repeat":"repeat","background-position":"center center","background-size":"auto","background-attachment":"scroll","background-type":"","background-media":"","overlay-type":"","overlay-color":"","overlay-opacity":"","overlay-gradient":""},"mobile":{"background-color":"var(--ast-global-color-5)","background-image":"","background-repeat":"repeat","background-position":"center center","background-size":"auto","background-attachment":"scroll","background-type":"","background-media":"","overlay-type":"","overlay-color":"","overlay-opacity":"","overlay-gradient":""}},"_joinchat":[],"footnotes":""},"class_list":["post-908","page","type-page","status-publish","hentry"],"uagb_featured_image_src":{"full":false,"thumbnail":false,"medium":false,"medium_large":false,"large":false,"1536x1536":false,"2048x2048":false,"trp-custom-language-flag":false},"uagb_author_info":{"display_name":"yukse1yu2uf","author_link":"https:\/\/lentopro.com\/en\/author\/yukse1yu2uf\/"},"uagb_comment_info":0,"uagb_excerpt":"HAKKIMIZDA Lento \u00fcretim alan\u0131nda, sekt\u00f6re yeni bir y\u00f6n veren hizmet kalitemiz ile kar\u015f\u0131n\u0131zda olup \u00fcretti\u011fimiz\u00fcr\u00fcnler ile kararl\u0131l\u0131\u011f\u0131m\u0131z\u0131 ortaya koymaktay\u0131z. M\u00fc\u015fteri memnuniyeti odakl\u0131, profesyonel kadromuz ilesizlere hizmet vermekten mutluluk duymaktay\u0131z. \u00dcretimini sa\u011flad\u0131\u011f\u0131m\u0131z \u00e7imento bazl\u0131 Lentolar\u0131m\u0131z ilemuadil di\u011fer \u00fcr\u00fcnlerin yan\u0131 s\u0131ra kaliteli, ekonomik, hafif ve dayan\u0131kl\u0131 Lentolar\u0131m\u0131z ile mevcut sekt\u00f6ri\u00e7erisinde profesyonel ad\u0131mlar atarak lider olma ve siz&hellip;","_links":{"self":[{"href":"https:\/\/lentopro.com\/en\/wp-json\/wp\/v2\/pages\/908","targetHints":{"allow":["GET"]}}],"collection":[{"href":"https:\/\/lentopro.com\/en\/wp-json\/wp\/v2\/pages"}],"about":[{"href":"https:\/\/lentopro.com\/en\/wp-json\/wp\/v2\/types\/page"}],"author":[{"embeddable":true,"href":"https:\/\/lentopro.com\/en\/wp-json\/wp\/v2\/users\/1"}],"replies":[{"embeddable":true,"href":"https:\/\/lentopro.com\/en\/wp-json\/wp\/v2\/comments?post=908"}],"version-history":[{"count":8,"href":"https:\/\/lentopro.com\/en\/wp-json\/wp\/v2\/pages\/908\/revisions"}],"predecessor-version":[{"id":3507,"href":"https:\/\/lentopro.com\/en\/wp-json\/wp\/v2\/pages\/908\/revisions\/3507"}],"wp:attachment":[{"href":"https:\/\/lentopro.com\/en\/wp-json\/wp\/v2\/media?parent=908"}],"curies":[{"name":"wp","href":"https:\/\/api.w.org\/{rel}","templated":true}]}}